{"id":2,"date":"2015-11-21T21:30:52","date_gmt":"2015-11-21T20:30:52","guid":{"rendered":"http:\/\/www.alphornmelodien.ch\/?page_id=2"},"modified":"2015-11-21T21:30:52","modified_gmt":"2015-11-21T20:30:52","slug":"beispiel-seite","status":"publish","type":"page","link":"https:\/\/www.alphornmelodien.ch\/?page_id=2","title":{"rendered":"Beispiel-Seite"},"content":{"rendered":"<p>Dies ist ein Beispiel einer statischen Seite. Sie k\u00f6nnen sie bearbeiten und beispielsweise Infos \u00fcber Sie oder das Weblog eingeben, damit die Leser wissen, woher Sie kommen und was Sie machen. Sie k\u00f6nnen entweder beliebig viele Hauptseiten (wie diese hier) oder Unterseiten, die sich in der Hierachiestruktur den Hauptseiten unterordnen, anlegen. Sie k\u00f6nnen sie auch alle innerhalb von WordPress \u00e4ndern und verwalten. Als stolzer Besitzer eines neuen WordPress-Blogs, sollten Sie zur \u00dcbersichtsseite, dem <a href=\"https:\/\/www.alphornmelodien.ch\/wp-admin\/\">Dashboard<\/a> gehen, diese Seite l\u00f6schen und damit loslegen, eigene Inhalte zu erstellen. Viel Spass!<\/p>\n","protected":false},"excerpt":{"rendered":"<p>Dies ist ein Beispiel einer statischen Seite. Sie k\u00f6nnen sie bearbeiten und beispielsweise Infos \u00fcber Sie oder das Weblog eingeben, damit die Leser wissen, woher Sie kommen und was Sie machen. Sie k\u00f6nnen entweder beliebig viele Hauptseiten (wie diese hier) oder Unterseiten, die sich in der Hierachiestruktur den Hauptseiten unterordnen, anlegen. Sie k\u00f6nnen sie auch &hellip; <a href=\"https:\/\/www.alphornmelodien.ch\/?page_id=2\" class=\"more-link\"><span class=\"screen-reader-text\">Beispiel-Seite<\/span> weiterlesen <span class=\"meta-nav\">&rarr;<\/span><\/a><\/p>\n","protected":false},"author":1,"featured_media":0,"parent":0,"menu_order":0,"comment_status":"closed","ping_status":"open","template":"","meta":{"footnotes":""},"class_list":["post-2","page","type-page","status-publish","hentry"],"_links":{"self":[{"href":"https:\/\/www.alphornmelodien.ch\/index.php?rest_route=\/wp\/v2\/pages\/2","targetHints":{"allow":["GET"]}}],"collection":[{"href":"https:\/\/www.alphornmelodien.ch\/index.php?rest_route=\/wp\/v2\/pages"}],"about":[{"href":"https:\/\/www.alphornmelodien.ch\/index.php?rest_route=\/wp\/v2\/types\/page"}],"author":[{"embeddable":true,"href":"https:\/\/www.alphornmelodien.ch\/index.php?rest_route=\/wp\/v2\/users\/1"}],"replies":[{"embeddable":true,"href":"https:\/\/www.alphornmelodien.ch\/index.php?rest_route=%2Fwp%2Fv2%2Fcomments&post=2"}],"version-history":[{"count":0,"href":"https:\/\/www.alphornmelodien.ch\/index.php?rest_route=\/wp\/v2\/pages\/2\/revisions"}],"wp:attachment":[{"href":"https:\/\/www.alphornmelodien.ch\/index.php?rest_route=%2Fwp%2Fv2%2Fmedia&parent=2"}],"curies":[{"name":"wp","href":"https:\/\/api.w.org\/{rel}","templated":true}]}}